{"id":30012,"date":"2021-10-12T15:51:09","date_gmt":"2021-10-12T07:51:09","guid":{"rendered":"https:\/\/fizzyvape.pl\/sobre-nosotros\/"},"modified":"2026-01-07T13:32:02","modified_gmt":"2026-01-07T05:32:02","slug":"sobre-nosotros","status":"publish","type":"page","link":"https:\/\/fizzyvape.pl\/es\/sobre-nosotros\/","title":{"rendered":"Sobre nosotros"},"content":{"rendered":"\t\t<div data-elementor-type=\"wp-page\" data-elementor-id=\"30012\" class=\"elementor elementor-30012 elementor-4400\" data-elementor-post-type=\"page\">\n\t\t\t\t<div class=\"wd-negative-gap elementor-element elementor-element-7c7c544 e-flex e-con-boxed e-con e-parent\" data-id=\"7c7c544\" data-element_type=\"container\">\n\t\t\t\t\t<div class=\"e-con-inner\">\n\t\t<div class=\"elementor-element elementor-element-e7cb5cd e-con-full e-flex e-con e-child\" data-id=\"e7cb5cd\" data-element_type=\"container\">\n\t\t\t\t<div class=\"elementor-element elementor-element-56aec39 elementor-widget elementor-widget-wd_image_or_svg\" data-id=\"56aec39\" data-element_type=\"widget\" data-widget_type=\"wd_image_or_svg.default\">\n\t\t\t\t<div class=\"elementor-widget-container\">\n\t\t\t\t\t\n\t\t<div class=\"wd-image text-left\">\n\t\t\t\t\t\t\t\t<img loading=\"lazy\" decoding=\"async\" width=\"508\" height=\"580\" src=\"https:\/\/fizzyvape.pl\/wp-content\/uploads\/2025\/12\/20251222110948.jpg\" class=\"attachment-full size-full\" alt=\"Fizzy Vape Factory\" srcset=\"https:\/\/fizzyvape.pl\/wp-content\/uploads\/2025\/12\/20251222110948.jpg 508w, https:\/\/fizzyvape.pl\/wp-content\/uploads\/2025\/12\/20251222110948-263x300.jpg 263w, https:\/\/fizzyvape.pl\/wp-content\/uploads\/2025\/12\/20251222110948-430x491.jpg 430w, https:\/\/fizzyvape.pl\/wp-content\/uploads\/2025\/12\/20251222110948-150x171.jpg 150w\" sizes=\"auto, (max-width: 508px) 100vw, 508px\" \/>\t\t\t\t\t<\/div>\n\n\t\t\t\t\t\t<\/div>\n\t\t\t\t<\/div>\n\t\t\t\t<\/div>\n\t\t<div class=\"elementor-element elementor-element-97d6084 e-con-full e-flex e-con e-child\" data-id=\"97d6084\" data-element_type=\"container\">\n\t\t\t\t<div class=\"elementor-element elementor-element-98d830b wd-width-100 elementor-widget elementor-widget-wd_title\" data-id=\"98d830b\" data-element_type=\"widget\" data-widget_type=\"wd_title.default\">\n\t\t\t\t<div class=\"elementor-widget-container\">\n\t\t\t\t\t\t\t<div class=\"title-wrapper wd-set-mb reset-last-child wd-title-color-primary wd-title-style-default wd-title-size-large text-left\">\n\n\t\t\t\n\t\t\t<div class=\"liner-continer\">\n\t\t\t\t<h4 class=\"woodmart-title-container title wd-fontsize-xxl\">FizzyVape - Redefiniendo el futuro del vapeo desechable<\/h4> \n\t\t\t\t\t\t\t<\/div>\n\n\t\t\t\t\t<\/div>\n\t\t\t\t\t\t<\/div>\n\t\t\t\t<\/div>\n\t\t\t\t<div class=\"elementor-element elementor-element-66e47ad elementor-widget elementor-widget-wd_text_block\" data-id=\"66e47ad\" data-element_type=\"widget\" data-widget_type=\"wd_text_block.default\">\n\t\t\t\t<div class=\"elementor-widget-container\">\n\t\t\t\t\t\t\t<div class=\"wd-text-block reset-last-child text-left\">\n\t\t\t\n\t\t\t<p data-start=\"308\" data-end=\"639\">Fundada en <strong data-start=\"319\" data-end=\"327\">2013<\/strong>, <strong data-start=\"329\" data-end=\"343\">Fizzy Vape<\/strong> ha pasado de ser una apasionada startup a una de <strong data-start=\"396\" data-end=\"443\">las marcas de vaporizadores desechables m\u00e1s fiables del mundo<\/strong>. Desde el primer d\u00eda, nuestra misi\u00f3n ha sido clara: ofrecer <strong data-start=\"499\" data-end=\"524\">vapes de calidad superior<\/strong> que combinen <strong data-start=\"538\" data-end=\"612\">un sabor excepcional, tecnolog\u00eda punta y una comodidad inigualable<\/strong> para usuarios adultos de todo el mundo.<\/p><p data-start=\"641\" data-end=\"934\">Hoy en d\u00eda, Fizzy Vape es un <strong data-start=\"664\" data-end=\"713\">l\u00edder mundial en dispositivos desechables de gran cantidad de caladas<\/strong>, que ofrece productos avanzados como el <strong data-start=\"754\" data-end=\"784\">Fizzy Max III de 60.000 caladas<\/strong>, el <strong data-start=\"786\" data-end=\"814\">Fizzy Twins de 50.000 caladas<\/strong> y el <strong data-start=\"820\" data-end=\"852\">Fizzy Nova Plus de 40.000 caladas<\/strong>, cada uno de ellos dise\u00f1ado para aportar innovaci\u00f3n, rendimiento y satisfacci\u00f3n en cada calada.<\/p>\n\t\t\t\t\t<\/div>\n\t\t\t\t\t\t<\/div>\n\t\t\t\t<\/div>\n\t\t<div class=\"elementor-element elementor-element-3eef7d8 e-con-full e-flex e-con e-child\" data-id=\"3eef7d8\" data-element_type=\"container\">\n\t\t\t\t<div class=\"elementor-element elementor-element-92ee592 elementor-widget elementor-widget-button\" data-id=\"92ee592\" data-element_type=\"widget\" data-widget_type=\"button.default\">\n\t\t\t\t\t\t\t\t\t\t<a class=\"elementor-button elementor-button-link elementor-size-sm\" href=\"#\">\n\t\t\t\t\t\t<span class=\"elementor-button-content-wrapper\">\n\t\t\t\t\t\t\t\t\t<span class=\"elementor-button-text\">CONT\u00c1CTANOS<\/span>\n\t\t\t\t\t<\/span>\n\t\t\t\t\t<\/a>\n\t\t\t\t\t\t\t\t<\/div>\n\t\t\t\t<div class=\"elementor-element elementor-element-ee232e9 elementor-widget__width-auto elementor-hidden-phone elementor-widget elementor-widget-wd_social_buttons\" data-id=\"ee232e9\" data-element_type=\"widget\" data-widget_type=\"wd_social_buttons.default\">\n\t\t\t\t<div class=\"elementor-widget-container\">\n\t\t\t\t\t\t\t\t<div\n\t\t\t\t\t\tclass=\" wd-social-icons wd-style-colored-alt wd-size-small social-share wd-shape-circle color-scheme-dark text-left\">\n\t\t\t\t\n\t\t\t\t\n\t\t\t\t\t\t\t\t\t<a rel=\"noopener noreferrer nofollow\" href=\"https:\/\/www.facebook.com\/sharer\/sharer.php?u=https:\/\/fizzyvape.pl\/es\/sobre-nosotros\/\" target=\"_blank\" class=\" wd-social-icon social-facebook\" aria-label=\"Facebook social link\">\n\t\t\t\t\t\t<span class=\"wd-icon\"><\/span>\n\t\t\t\t\t\t\t\t\t\t\t<\/a>\n\t\t\t\t\n\t\t\t\t\t\t\t\t\t<a rel=\"noopener noreferrer nofollow\" href=\"https:\/\/x.com\/share?url=https:\/\/fizzyvape.pl\/es\/sobre-nosotros\/\" target=\"_blank\" class=\" wd-social-icon social-twitter\" aria-label=\"X social link\">\n\t\t\t\t\t\t<span class=\"wd-icon\"><\/span>\n\t\t\t\t\t\t\t\t\t\t\t<\/a>\n\t\t\t\t\n\t\t\t\t\n\t\t\t\t\n\t\t\t\t\n\t\t\t\t\n\t\t\t\t\n\t\t\t\t\t\t\t\t\t<a rel=\"noopener noreferrer nofollow\" href=\"https:\/\/pinterest.com\/pin\/create\/button\/?url=https:\/\/fizzyvape.pl\/es\/sobre-nosotros\/&media=https:\/\/fizzyvape.pl\/wp-includes\/images\/media\/default.svg&description=Sobre+nosotros\" target=\"_blank\" class=\" wd-social-icon social-pinterest\" aria-label=\"Pinterest social link\">\n\t\t\t\t\t\t<span class=\"wd-icon\"><\/span>\n\t\t\t\t\t\t\t\t\t\t\t<\/a>\n\t\t\t\t\n\t\t\t\t\n\t\t\t\t\t\t\t\t\t<a rel=\"noopener noreferrer nofollow\" href=\"https:\/\/www.linkedin.com\/shareArticle?mini=true&url=https:\/\/fizzyvape.pl\/es\/sobre-nosotros\/\" target=\"_blank\" class=\" wd-social-icon social-linkedin\" aria-label=\"Linkedin social link\">\n\t\t\t\t\t\t<span class=\"wd-icon\"><\/span>\n\t\t\t\t\t\t\t\t\t\t\t<\/a>\n\t\t\t\t\n\t\t\t\t\n\t\t\t\t\n\t\t\t\t\n\t\t\t\t\n\t\t\t\t\n\t\t\t\t\n\t\t\t\t\n\t\t\t\t\n\t\t\t\t\n\t\t\t\t\n\t\t\t\t\n\t\t\t\t\n\t\t\t\t\n\t\t\t\t\n\t\t\t\t\t\t\t\t\t<a rel=\"noopener noreferrer nofollow\" href=\"https:\/\/telegram.me\/share\/url?url=https:\/\/fizzyvape.pl\/es\/sobre-nosotros\/\" target=\"_blank\" class=\" wd-social-icon social-tg\" aria-label=\"Telegram social link\">\n\t\t\t\t\t\t<span class=\"wd-icon\"><\/span>\n\t\t\t\t\t\t\t\t\t\t\t<\/a>\n\t\t\t\t\n\t\t\t\t\n\t\t\t<\/div>\n\n\t\t\t\t\t\t<\/div>\n\t\t\t\t<\/div>\n\t\t\t\t<\/div>\n\t\t\t\t<\/div>\n\t\t\t\t\t<\/div>\n\t\t\t\t<\/div>\n\t\t<div class=\"wd-negative-gap elementor-element elementor-element-4d041690 e-flex e-con-boxed e-con e-parent\" data-id=\"4d041690\" data-element_type=\"container\" data-settings=\"{&quot;background_background&quot;:&quot;gradient&quot;}\">\n\t\t\t\t\t<div class=\"e-con-inner\">\n\t\t<div class=\"elementor-element elementor-element-efd4cc6 e-con-full e-flex e-con e-child\" data-id=\"efd4cc6\" data-element_type=\"container\">\n\t\t<div class=\"wd-negative-gap elementor-element elementor-element-777d29f0 e-flex e-con-boxed e-con e-child\" data-id=\"777d29f0\" data-element_type=\"container\">\n\t\t\t\t\t<div class=\"e-con-inner\">\n\t\t<div class=\"elementor-element elementor-element-2b8f4db2 e-con-full e-flex e-con e-child\" data-id=\"2b8f4db2\" data-element_type=\"container\">\n\t\t\t\t<div class=\"elementor-element elementor-element-3d3bf0c1 elementor-vertical-align-top elementor-widget elementor-widget-image-box\" data-id=\"3d3bf0c1\" data-element_type=\"widget\" data-widget_type=\"image-box.default\">\n\t\t\t\t\t<div class=\"elementor-image-box-wrapper\"><div class=\"elementor-image-box-content\"><h4 class=\"elementor-image-box-title\">Nuestra visi\u00f3n<\/h4><p class=\"elementor-image-box-description\">Redefinir la experiencia de vapear en todo el mundo mediante la innovaci\u00f3n, la calidad y la sostenibilidad, haciendo que cada calada sea m\u00e1s inteligente, segura y agradable.<\/p><\/div><\/div>\t\t\t\t<\/div>\n\t\t\t\t<\/div>\n\t\t<div class=\"elementor-element elementor-element-6bb39963 e-con-full e-flex e-con e-child\" data-id=\"6bb39963\" data-element_type=\"container\">\n\t\t\t\t<div class=\"elementor-element elementor-element-6a40573 elementor-vertical-align-top elementor-widget elementor-widget-image-box\" data-id=\"6a40573\" data-element_type=\"widget\" data-widget_type=\"image-box.default\">\n\t\t\t\t\t<div class=\"elementor-image-box-wrapper\"><div class=\"elementor-image-box-content\"><h4 class=\"elementor-image-box-title\">Nuestra misi\u00f3n<\/h4><p class=\"elementor-image-box-description\">Ofrecer vapes desechables de primera calidad con tecnolog\u00eda de vanguardia, sabores aut\u00e9nticos y un rendimiento fiable, garantizando la satisfacci\u00f3n de todos los clientes y socios a los que servimos.<\/p><\/div><\/div>\t\t\t\t<\/div>\n\t\t\t\t<\/div>\n\t\t<div class=\"elementor-element elementor-element-5ffc4c8a e-con-full e-flex e-con e-child\" data-id=\"5ffc4c8a\" data-element_type=\"container\">\n\t\t\t\t<div class=\"elementor-element elementor-element-19127a41 elementor-vertical-align-top elementor-widget elementor-widget-image-box\" data-id=\"19127a41\" data-element_type=\"widget\" data-widget_type=\"image-box.default\">\n\t\t\t\t\t<div class=\"elementor-image-box-wrapper\"><div class=\"elementor-image-box-content\"><h4 class=\"elementor-image-box-title\">Valores fundamentales<\/h4><p class=\"elementor-image-box-description\">Autenticidad. Innovaci\u00f3n. Responsabilidad.<br>Mantenemos la integridad de nuestra marca, avanzamos mediante la innovaci\u00f3n y fomentamos una cultura de vapeo responsable basada en la confianza y la transparencia.<\/p><\/div><\/div>\t\t\t\t<\/div>\n\t\t\t\t<\/div>\n\t\t\t\t\t<\/div>\n\t\t\t\t<\/div>\n\t\t\t\t<\/div>\n\t\t\t\t\t<\/div>\n\t\t\t\t<\/div>\n\t\t<div class=\"wd-negative-gap elementor-element elementor-element-a30ca60 wd-section-stretch e-flex e-con-boxed e-con e-parent\" data-id=\"a30ca60\" data-element_type=\"container\" data-settings=\"{&quot;background_background&quot;:&quot;classic&quot;}\">\n\t\t\t\t\t<div class=\"e-con-inner\">\n\t\t<div class=\"elementor-element elementor-element-a00e7d0 color-scheme-light e-con-full e-flex e-con e-child\" data-id=\"a00e7d0\" data-element_type=\"container\">\n\t\t\t\t<div class=\"elementor-element elementor-element-4ec64e9 wd-width-100 elementor-widget elementor-widget-wd_title\" data-id=\"4ec64e9\" data-element_type=\"widget\" data-widget_type=\"wd_title.default\">\n\t\t\t\t<div class=\"elementor-widget-container\">\n\t\t\t\t\t\t\t<div class=\"title-wrapper wd-set-mb reset-last-child wd-title-color-primary wd-title-style-default wd-title-size-large text-left\">\n\n\t\t\t\n\t\t\t<div class=\"liner-continer\">\n\t\t\t\t<h4 class=\"woodmart-title-container title wd-fontsize-xxl\">\u00bfQu\u00e9 hace de Fizzy un fabricante de Vape desechable de alta calidad?<\/h4> \n\t\t\t\t\t\t\t<\/div>\n\n\t\t\t\t\t\t\t<div class=\"title-after_title reset-last-child wd-fontsize-s\">\n\t\t\t\t\t<p>Vamos a desglosarlo con algunas cifras clave.<\/p>\t\t\t\t<\/div>\n\t\t\t\t\t<\/div>\n\t\t\t\t\t\t<\/div>\n\t\t\t\t<\/div>\n\t\t\t\t<div class=\"elementor-element elementor-element-2186639 elementor-widget elementor-widget-wd_button\" data-id=\"2186639\" data-element_type=\"widget\" data-widget_type=\"wd_button.default\">\n\t\t\t\t<div class=\"elementor-widget-container\">\n\t\t\t\t\t\t\t<div class=\"wd-button-wrapper text-left\" >\n\t\t\t<a class=\"btn btn-style-link btn-shape- btn-size-default btn-color-white btn-icon-pos-right\"  href=\"https:\/\/fizzyvape.pl\/es\/contacta-con-nosotros\/\">\n\t\t\t\t<span class=\"wd-btn-text\" data-elementor-setting-key=\"text\">\n\t\t\t\t\tCONT\u00c1CTANOS\t\t\t\t<\/span>\n\n\t\t\t\t\t\t\t<\/a>\n\t\t<\/div>\n\t\t\t\t\t\t<\/div>\n\t\t\t\t<\/div>\n\t\t\t\t<\/div>\n\t\t<div class=\"elementor-element elementor-element-0ea1cec e-con-full e-flex e-con e-child\" data-id=\"0ea1cec\" data-element_type=\"container\">\n\t\t<div class=\"elementor-element elementor-element-8d08034 e-con-full e-flex e-con e-child\" data-id=\"8d08034\" data-element_type=\"container\">\n\t\t<div class=\"elementor-element elementor-element-7f1bbdf e-con-full e-flex e-con e-child\" data-id=\"7f1bbdf\" data-element_type=\"container\">\n\t\t\t\t<div class=\"elementor-element elementor-element-9bcb52d elementor-widget elementor-widget-wd_counter\" data-id=\"9bcb52d\" data-element_type=\"widget\" data-widget_type=\"wd_counter.default\">\n\t\t\t\t<div class=\"elementor-widget-container\">\n\t\t\t\t\t\t\t<div class=\"woodmart-counter counter-large text-center color-scheme-light\">\n\t\t\t<div class=\"counter-value\" data-state=\"new\" data-final=\"2013\">\n\t\t\t\t0\t\t\t<\/div>\n\n\t\t\t\t\t\t\t<div class=\"counter-label\">\n\t\t\t\t\tA\u00d1O DE FUNDACI\u00d3N\t\t\t\t<\/div>\n\t\t\t\t\t<\/div>\n\t\t\t\t\t\t<\/div>\n\t\t\t\t<\/div>\n\t\t\t\t<\/div>\n\t\t<div class=\"elementor-element elementor-element-8e130ad e-con-full e-flex e-con e-child\" data-id=\"8e130ad\" data-element_type=\"container\">\n\t\t\t\t<div class=\"elementor-element elementor-element-8b99033 elementor-widget elementor-widget-wd_counter\" data-id=\"8b99033\" data-element_type=\"widget\" data-widget_type=\"wd_counter.default\">\n\t\t\t\t<div class=\"elementor-widget-container\">\n\t\t\t\t\t\t\t<div class=\"woodmart-counter counter-large text-center color-scheme-light\">\n\t\t\t<div class=\"counter-value\" data-state=\"new\" data-final=\"20000\">\n\t\t\t\t0\t\t\t<\/div>\n\n\t\t\t\t\t\t\t<div class=\"counter-label\">\n\t\t\t\t\tTAMA\u00d1O DE LA F\u00c1BRICA (m\u00b2)\t\t\t\t<\/div>\n\t\t\t\t\t<\/div>\n\t\t\t\t\t\t<\/div>\n\t\t\t\t<\/div>\n\t\t\t\t<\/div>\n\t\t\t\t<\/div>\n\t\t<div class=\"elementor-element elementor-element-4f83ee9 e-con-full e-flex e-con e-child\" data-id=\"4f83ee9\" data-element_type=\"container\">\n\t\t<div class=\"elementor-element elementor-element-077feb8 e-con-full e-flex e-con e-child\" data-id=\"077feb8\" data-element_type=\"container\">\n\t\t\t\t<div class=\"elementor-element elementor-element-31d6c6f elementor-widget elementor-widget-wd_counter\" data-id=\"31d6c6f\" data-element_type=\"widget\" data-widget_type=\"wd_counter.default\">\n\t\t\t\t<div class=\"elementor-widget-container\">\n\t\t\t\t\t\t\t<div class=\"woodmart-counter counter-large text-center color-scheme-light\">\n\t\t\t<div class=\"counter-value\" data-state=\"new\" data-final=\"50\">\n\t\t\t\t0\t\t\t<\/div>\n\n\t\t\t\t\t\t\t<div class=\"counter-label\">\n\t\t\t\t\tPA\u00cdSES SOCIOS\t\t\t\t<\/div>\n\t\t\t\t\t<\/div>\n\t\t\t\t\t\t<\/div>\n\t\t\t\t<\/div>\n\t\t\t\t<\/div>\n\t\t<div class=\"elementor-element elementor-element-165f264 e-con-full e-flex e-con e-child\" data-id=\"165f264\" data-element_type=\"container\">\n\t\t\t\t<div class=\"elementor-element elementor-element-59603cf elementor-widget elementor-widget-wd_counter\" data-id=\"59603cf\" data-element_type=\"widget\" data-widget_type=\"wd_counter.default\">\n\t\t\t\t<div class=\"elementor-widget-container\">\n\t\t\t\t\t\t\t<div class=\"woodmart-counter counter-large text-center color-scheme-light\">\n\t\t\t<div class=\"counter-value\" data-state=\"new\" data-final=\"40\">\n\t\t\t\t0\t\t\t<\/div>\n\n\t\t\t\t\t\t\t<div class=\"counter-label\">\n\t\t\t\t\tSABORES\t\t\t\t<\/div>\n\t\t\t\t\t<\/div>\n\t\t\t\t\t\t<\/div>\n\t\t\t\t<\/div>\n\t\t\t\t<\/div>\n\t\t\t\t<\/div>\n\t\t<div class=\"elementor-element elementor-element-5477283 e-con-full e-flex e-con e-child\" data-id=\"5477283\" data-element_type=\"container\">\n\t\t<div class=\"elementor-element elementor-element-5849b8a e-con-full e-flex e-con e-child\" data-id=\"5849b8a\" data-element_type=\"container\">\n\t\t\t\t<div class=\"elementor-element elementor-element-03a40ee elementor-widget elementor-widget-counter\" data-id=\"03a40ee\" data-element_type=\"widget\" data-widget_type=\"counter.default\">\n\t\t\t\t\t\t\t<div class=\"elementor-counter\">\n\t\t\t<div class=\"elementor-counter-title\">PRODUCCI\u00d3N MENSUAL<\/div>\t\t\t<div class=\"elementor-counter-number-wrapper\">\n\t\t\t\t<span class=\"elementor-counter-number-prefix\"><\/span>\n\t\t\t\t<span class=\"elementor-counter-number\" data-duration=\"2000\" data-to-value=\"200\" data-from-value=\"0\" data-delimiter=\",\">0<\/span>\n\t\t\t\t<span class=\"elementor-counter-number-suffix\">w+<\/span>\n\t\t\t<\/div>\n\t\t<\/div>\n\t\t\t\t\t\t<\/div>\n\t\t\t\t<\/div>\n\t\t<div class=\"elementor-element elementor-element-6c73e75 e-con-full e-flex e-con e-child\" data-id=\"6c73e75\" data-element_type=\"container\">\n\t\t\t\t<div class=\"elementor-element elementor-element-9dd2a50 elementor-widget elementor-widget-counter\" data-id=\"9dd2a50\" data-element_type=\"widget\" data-widget_type=\"counter.default\">\n\t\t\t\t\t\t\t<div class=\"elementor-counter\">\n\t\t\t<div class=\"elementor-counter-title\">CLIENTES CONTENTOS<\/div>\t\t\t<div class=\"elementor-counter-number-wrapper\">\n\t\t\t\t<span class=\"elementor-counter-number-prefix\"><\/span>\n\t\t\t\t<span class=\"elementor-counter-number\" data-duration=\"2000\" data-to-value=\"400\" data-from-value=\"0\" data-delimiter=\",\">0<\/span>\n\t\t\t\t<span class=\"elementor-counter-number-suffix\">w+<\/span>\n\t\t\t<\/div>\n\t\t<\/div>\n\t\t\t\t\t\t<\/div>\n\t\t\t\t<\/div>\n\t\t\t\t<\/div>\n\t\t\t\t<\/div>\n\t\t\t\t\t<\/div>\n\t\t\t\t<\/div>\n\t\t\t\t<\/div>\n\t\t","protected":false},"excerpt":{"rendered":"<p>FizzyVape &#8211; Redefiniendo el futuro del vapeo desechable Fundada en 2013, Fizzy Vape ha pasado de ser una apasionada startup<\/p>\n","protected":false},"author":2,"featured_media":0,"parent":0,"menu_order":0,"comment_status":"closed","ping_status":"closed","template":"","meta":{"footnotes":""},"class_list":["post-30012","page","type-page","status-publish","hentry"],"yoast_head":"<!-- This site is optimized with the Yoast SEO Premium plugin v24.8 (Yoast SEO v24.8) - https:\/\/yoast.com\/wordpress\/plugins\/seo\/ -->\n<title>Sobre nosotros - Fizzy Vape<\/title>\n<meta name=\"robots\" content=\"index, follow, max-snippet:-1, max-image-preview:large, max-video-preview:-1\" \/>\n<link rel=\"canonical\" href=\"https:\/\/fizzyvape.pl\/es\/sobre-nosotros\/\" \/>\n<meta property=\"og:locale\" content=\"es_ES\" \/>\n<meta property=\"og:type\" content=\"article\" \/>\n<meta property=\"og:title\" content=\"Sobre nosotros\" \/>\n<meta property=\"og:description\" content=\"FizzyVape &#8211; Redefiniendo el futuro del vapeo desechable Fundada en 2013, Fizzy Vape ha pasado de ser una apasionada startup\" \/>\n<meta property=\"og:url\" content=\"https:\/\/fizzyvape.pl\/es\/sobre-nosotros\/\" \/>\n<meta property=\"og:site_name\" content=\"Fizzy Vape\" \/>\n<meta property=\"article:modified_time\" content=\"2026-01-07T05:32:02+00:00\" \/>\n<meta property=\"og:image\" content=\"https:\/\/fizzyvape.pl\/wp-content\/uploads\/2025\/12\/20251222110948.jpg\" \/>\n<meta name=\"twitter:card\" content=\"summary_large_image\" \/>\n<meta name=\"twitter:label1\" content=\"Tiempo de lectura\" \/>\n\t<meta name=\"twitter:data1\" content=\"1 minuto\" \/>\n<script type=\"application\/ld+json\" class=\"yoast-schema-graph\">{\"@context\":\"https:\/\/schema.org\",\"@graph\":[{\"@type\":\"WebPage\",\"@id\":\"https:\/\/fizzyvape.pl\/es\/sobre-nosotros\/\",\"url\":\"https:\/\/fizzyvape.pl\/es\/sobre-nosotros\/\",\"name\":\"Sobre nosotros - Fizzy Vape\",\"isPartOf\":{\"@id\":\"https:\/\/fizzyvape.pl\/es\/#website\"},\"primaryImageOfPage\":{\"@id\":\"https:\/\/fizzyvape.pl\/es\/sobre-nosotros\/#primaryimage\"},\"image\":{\"@id\":\"https:\/\/fizzyvape.pl\/es\/sobre-nosotros\/#primaryimage\"},\"thumbnailUrl\":\"https:\/\/fizzyvape.pl\/wp-content\/uploads\/2025\/12\/20251222110948.jpg\",\"datePublished\":\"2021-10-12T07:51:09+00:00\",\"dateModified\":\"2026-01-07T05:32:02+00:00\",\"breadcrumb\":{\"@id\":\"https:\/\/fizzyvape.pl\/es\/sobre-nosotros\/#breadcrumb\"},\"inLanguage\":\"es\",\"potentialAction\":[{\"@type\":\"ReadAction\",\"target\":[\"https:\/\/fizzyvape.pl\/es\/sobre-nosotros\/\"]}]},{\"@type\":\"ImageObject\",\"inLanguage\":\"es\",\"@id\":\"https:\/\/fizzyvape.pl\/es\/sobre-nosotros\/#primaryimage\",\"url\":\"https:\/\/fizzyvape.pl\/wp-content\/uploads\/2025\/12\/20251222110948.jpg\",\"contentUrl\":\"https:\/\/fizzyvape.pl\/wp-content\/uploads\/2025\/12\/20251222110948.jpg\"},{\"@type\":\"BreadcrumbList\",\"@id\":\"https:\/\/fizzyvape.pl\/es\/sobre-nosotros\/#breadcrumb\",\"itemListElement\":[{\"@type\":\"ListItem\",\"position\":1,\"name\":\"\u9996\u9875\",\"item\":\"https:\/\/fizzyvape.pl\/es\/\"},{\"@type\":\"ListItem\",\"position\":2,\"name\":\"Sobre nosotros\"}]},{\"@type\":\"WebSite\",\"@id\":\"https:\/\/fizzyvape.pl\/es\/#website\",\"url\":\"https:\/\/fizzyvape.pl\/es\/\",\"name\":\"fizzyvape.com\",\"description\":\"Top Vape Brand | Unmatched Design and Flavor Experiences\",\"potentialAction\":[{\"@type\":\"SearchAction\",\"target\":{\"@type\":\"EntryPoint\",\"urlTemplate\":\"https:\/\/fizzyvape.pl\/es\/?s={search_term_string}\"},\"query-input\":{\"@type\":\"PropertyValueSpecification\",\"valueRequired\":true,\"valueName\":\"search_term_string\"}}],\"inLanguage\":\"es\"}]}<\/script>\n<!-- \/ Yoast SEO Premium plugin. -->","yoast_head_json":{"title":"Sobre nosotros - Fizzy Vape","robots":{"index":"index","follow":"follow","max-snippet":"max-snippet:-1","max-image-preview":"max-image-preview:large","max-video-preview":"max-video-preview:-1"},"canonical":"https:\/\/fizzyvape.pl\/es\/sobre-nosotros\/","og_locale":"es_ES","og_type":"article","og_title":"Sobre nosotros","og_description":"FizzyVape &#8211; Redefiniendo el futuro del vapeo desechable Fundada en 2013, Fizzy Vape ha pasado de ser una apasionada startup","og_url":"https:\/\/fizzyvape.pl\/es\/sobre-nosotros\/","og_site_name":"Fizzy Vape","article_modified_time":"2026-01-07T05:32:02+00:00","og_image":[{"url":"https:\/\/fizzyvape.pl\/wp-content\/uploads\/2025\/12\/20251222110948.jpg","type":"","width":"","height":""}],"twitter_card":"summary_large_image","twitter_misc":{"Tiempo de lectura":"1 minuto"},"schema":{"@context":"https:\/\/schema.org","@graph":[{"@type":"WebPage","@id":"https:\/\/fizzyvape.pl\/es\/sobre-nosotros\/","url":"https:\/\/fizzyvape.pl\/es\/sobre-nosotros\/","name":"Sobre nosotros - Fizzy Vape","isPartOf":{"@id":"https:\/\/fizzyvape.pl\/es\/#website"},"primaryImageOfPage":{"@id":"https:\/\/fizzyvape.pl\/es\/sobre-nosotros\/#primaryimage"},"image":{"@id":"https:\/\/fizzyvape.pl\/es\/sobre-nosotros\/#primaryimage"},"thumbnailUrl":"https:\/\/fizzyvape.pl\/wp-content\/uploads\/2025\/12\/20251222110948.jpg","datePublished":"2021-10-12T07:51:09+00:00","dateModified":"2026-01-07T05:32:02+00:00","breadcrumb":{"@id":"https:\/\/fizzyvape.pl\/es\/sobre-nosotros\/#breadcrumb"},"inLanguage":"es","potentialAction":[{"@type":"ReadAction","target":["https:\/\/fizzyvape.pl\/es\/sobre-nosotros\/"]}]},{"@type":"ImageObject","inLanguage":"es","@id":"https:\/\/fizzyvape.pl\/es\/sobre-nosotros\/#primaryimage","url":"https:\/\/fizzyvape.pl\/wp-content\/uploads\/2025\/12\/20251222110948.jpg","contentUrl":"https:\/\/fizzyvape.pl\/wp-content\/uploads\/2025\/12\/20251222110948.jpg"},{"@type":"BreadcrumbList","@id":"https:\/\/fizzyvape.pl\/es\/sobre-nosotros\/#breadcrumb","itemListElement":[{"@type":"ListItem","position":1,"name":"\u9996\u9875","item":"https:\/\/fizzyvape.pl\/es\/"},{"@type":"ListItem","position":2,"name":"Sobre nosotros"}]},{"@type":"WebSite","@id":"https:\/\/fizzyvape.pl\/es\/#website","url":"https:\/\/fizzyvape.pl\/es\/","name":"fizzyvape.com","description":"Top Vape Brand | Unmatched Design and Flavor Experiences","potentialAction":[{"@type":"SearchAction","target":{"@type":"EntryPoint","urlTemplate":"https:\/\/fizzyvape.pl\/es\/?s={search_term_string}"},"query-input":{"@type":"PropertyValueSpecification","valueRequired":true,"valueName":"search_term_string"}}],"inLanguage":"es"}]}},"_links":{"self":[{"href":"https:\/\/fizzyvape.pl\/es\/wp-json\/wp\/v2\/pages\/30012","targetHints":{"allow":["GET"]}}],"collection":[{"href":"https:\/\/fizzyvape.pl\/es\/wp-json\/wp\/v2\/pages"}],"about":[{"href":"https:\/\/fizzyvape.pl\/es\/wp-json\/wp\/v2\/types\/page"}],"author":[{"embeddable":true,"href":"https:\/\/fizzyvape.pl\/es\/wp-json\/wp\/v2\/users\/2"}],"replies":[{"embeddable":true,"href":"https:\/\/fizzyvape.pl\/es\/wp-json\/wp\/v2\/comments?post=30012"}],"version-history":[{"count":4,"href":"https:\/\/fizzyvape.pl\/es\/wp-json\/wp\/v2\/pages\/30012\/revisions"}],"predecessor-version":[{"id":30077,"href":"https:\/\/fizzyvape.pl\/es\/wp-json\/wp\/v2\/pages\/30012\/revisions\/30077"}],"wp:attachment":[{"href":"https:\/\/fizzyvape.pl\/es\/wp-json\/wp\/v2\/media?parent=30012"}],"curies":[{"name":"wp","href":"https:\/\/api.w.org\/{rel}","templated":true}]}}